{"id":2,"date":"2024-07-11T23:19:45","date_gmt":"2024-07-11T23:19:45","guid":{"rendered":"https:\/\/transportesmoscoso.com\/?page_id=2"},"modified":"2024-07-23T17:57:08","modified_gmt":"2024-07-23T17:57:08","slug":"transporte-internacional-de-carga-terrestre-en-peru-y-sudamerica","status":"publish","type":"page","link":"https:\/\/transportesmoscoso.com\/","title":{"rendered":"Transporte Internacional de Carga Terrestre\u00a0"},"content":{"rendered":"\t\t<div data-elementor-type=\"wp-page\" data-elementor-id=\"2\" class=\"elementor elementor-2\">\n\t\t\t\t<div class=\"elementor-element elementor-element-279f2e98 e-con-full e-flex e-con e-parent\" data-id=\"279f2e98\" data-element_type=\"container\">\n\t\t\t\t<div class=\"elementor-element elementor-element-e1dff47 elementor-widget elementor-widget-image\" data-id=\"e1dff47\" data-element_type=\"widget\" data-widget_type=\"image.default\">\n\t\t\t\t<div class=\"elementor-widget-container\">\n\t\t\t<style>\/*! elementor - v3.22.0 - 26-06-2024 *\/\n.elementor-widget-image{text-align:center}.elementor-widget-image a{display:inline-block}.elementor-widget-image a img[src$=\".svg\"]{width:48px}.elementor-widget-image img{vertical-align:middle;display:inline-block}<\/style>\t\t\t\t\t\t\t\t\t\t<img fetchpriority=\"high\" decoding=\"async\" width=\"640\" height=\"480\" src=\"https:\/\/transportesmoscoso.com\/wp-content\/uploads\/2024\/07\/DSC00252.jpg\" class=\"attachment-large size-large wp-image-9\" alt=\"\" srcset=\"https:\/\/transportesmoscoso.com\/wp-content\/uploads\/2024\/07\/DSC00252.jpg 640w, https:\/\/transportesmoscoso.com\/wp-content\/uploads\/2024\/07\/DSC00252-300x225.jpg 300w\" sizes=\"(max-width: 640px) 100vw, 640px\" \/>\t\t\t\t\t\t\t\t\t\t\t\t\t<\/div>\n\t\t\t\t<\/div>\n\t\t\t\t<div class=\"elementor-element elementor-element-11234491 elementor-widget elementor-widget-text-editor\" data-id=\"11234491\" data-element_type=\"widget\" data-widget_type=\"text-editor.default\">\n\t\t\t\t<div class=\"elementor-widget-container\">\n\t\t\t<style>\/*! elementor - v3.22.0 - 26-06-2024 *\/\n.elementor-widget-text-editor.elementor-drop-cap-view-stacked .elementor-drop-cap{background-color:#69727d;color:#fff}.elementor-widget-text-editor.elementor-drop-cap-view-framed .elementor-drop-cap{color:#69727d;border:3px solid;background-color:transparent}.elementor-widget-text-editor:not(.elementor-drop-cap-view-default) .elementor-drop-cap{margin-top:8px}.elementor-widget-text-editor:not(.elementor-drop-cap-view-default) .elementor-drop-cap-letter{width:1em;height:1em}.elementor-widget-text-editor .elementor-drop-cap{float:left;text-align:center;line-height:1;font-size:50px}.elementor-widget-text-editor .elementor-drop-cap-letter{display:inline-block}<\/style>\t\t\t\t<p><!-- wp:paragraph --><\/p>\n<p>Somos una empresa peruana de origen familiar de larga experiencia en el transporte Nacional e Internacional de carga por carretera.<\/p>\n<p>Nuestro objetivo es brindarle un servicio de calidad personalizado, brind\u00e1ndole la tranquilidad de saber que su mercader\u00eda viaja en veh\u00edculos debidamente equipados y con personal capacitado. As\u00ed como, conservaci\u00f3n en la calidad de sus productos y cantidad de carga.\u00a0<strong>TRANSPORTES MOSCOSO SRL\u00a0<\/strong>esta debidamente inscrita y autorizada a operar como Transportista Internacional ante el Ministerio de Transportes, Vivienda y Construcci\u00f3n de Per\u00fa y ante los diferentes Ministerios de Transportes de los pa\u00edses del CONO SUR; contando con permisos especiales hacia las Republicas de: Chile, Bolivia, Argentina, Brasil, Uruguay y Paraguay.<\/p>\n<p>En nuestros a\u00f1os de servicio hemos recorrido las diferentes rutas del Per\u00fa: Costa, Sierra, Selva y Sudam\u00e9rica, impulsando as\u00ed el desarrollo de la Industria Nacional gracias al apoyo de nuestros clientes<\/p>\n<p><!-- \/wp:paragraph --><\/p>\n<p><!-- wp:quote --><\/p>\n<p><!-- \/wp:quote --><\/p>\n<p><!-- wp:paragraph --><\/p>\n<blockquote>\n<p>Nuestro Centro de Operaciones esta ubicado en la ciudad de Arequipa &#8211; Per\u00fa.<\/p>\n<\/blockquote>\n<p><!-- \/wp:paragraph --><\/p>\t\t\t\t\t\t<\/div>\n\t\t\t\t<\/div>\n\t\t\t\t<\/div>\n\t\t<div class=\"elementor-element elementor-element-db5c811 e-flex e-con-boxed e-con e-parent\" data-id=\"db5c811\" data-element_type=\"container\">\n\t\t\t\t\t<div class=\"e-con-inner\">\n\t\t\t\t<div class=\"elementor-element elementor-element-4959b77 elementor-widget elementor-widget-google_maps\" data-id=\"4959b77\" data-element_type=\"widget\" data-widget_type=\"google_maps.default\">\n\t\t\t\t<div class=\"elementor-widget-container\">\n\t\t\t<style>\/*! elementor - v3.22.0 - 26-06-2024 *\/\n.elementor-widget-google_maps .elementor-widget-container{overflow:hidden}.elementor-widget-google_maps .elementor-custom-embed{line-height:0}.elementor-widget-google_maps iframe{height:300px}<\/style>\t\t<div class=\"elementor-custom-embed\">\n\t\t\t<iframe loading=\"lazy\"\n\t\t\t\t\tsrc=\"https:\/\/maps.google.com\/maps?q=transportes%20moscoso&#038;t=m&#038;z=15&#038;output=embed&#038;iwloc=near\"\n\t\t\t\t\ttitle=\"transportes moscoso\"\n\t\t\t\t\taria-label=\"transportes moscoso\"\n\t\t\t><\/iframe>\n\t\t<\/div>\n\t\t\t\t<\/div>\n\t\t\t\t<\/div>\n\t\t<div class=\"elementor-element elementor-element-b9b0d5c e-con-full e-flex e-con e-child\" data-id=\"b9b0d5c\" data-element_type=\"container\">\n\t\t\t\t<div class=\"elementor-element elementor-element-e9563f6 elementor-widget elementor-widget-text-editor\" data-id=\"e9563f6\" data-element_type=\"widget\" data-widget_type=\"text-editor.default\">\n\t\t\t\t<div class=\"elementor-widget-container\">\n\t\t\t\t\t\t\t<p class=\"tableDetail\" style=\"font-size: 12px; font-family: Arial; color: #01486a; text-align: justify; background-color: #ffffff;\"><span class=\"text3\" style=\"font-family: Verdana; font-size: 11px; font-weight: bold; color: #003399;\"><strong>Puede contactarnos v\u00eda Internet o v\u00eda telef\u00f3nica\u00a0<\/strong>:<\/span><\/p>\n<p class=\"text3\" style=\"font-family: Verdana; font-size: 11px; font-weight: bold; color: #003399; text-align: justify; background-color: #ffffff;\">\u2022 51(54) 259150\u00a0\u00a0<br \/><br \/>\u2022\u00a051(54)959655760<br \/><br \/>\u2022 51(54)959916750<br \/><br \/><br \/><strong>RPM: \u00a0#692386\u00a0 #326790\u00a0\u00a0\u00a0<\/strong><\/p>\n<p class=\"text3\" style=\"font-family: Verdana; font-size: 11px; font-weight: bold; color: #003399; text-align: justify; background-color: #ffffff;\">RPC: \u00a0953 750 248 \u00a0\u00a0\u00a0\/\u00a0\u00a0\u00a0992 587 721<br \/><br \/>E-MAIL: info@transportesmoscoso.com<\/p>\t\t\t\t\t\t<\/div>\n\t\t\t\t<\/div>\n\t\t\t\t<\/div>\n\t\t\t\t\t<\/div>\n\t\t\t\t<\/div>\n\t\t<div class=\"elementor-element elementor-element-571ebb5 e-grid e-con-full e-con e-parent\" data-id=\"571ebb5\" data-element_type=\"container\">\n\t\t\t\t<div class=\"elementor-element elementor-element-101f6a4 elementor-widget elementor-widget-text-editor\" data-id=\"101f6a4\" data-element_type=\"widget\" data-widget_type=\"text-editor.default\">\n\t\t\t\t<div class=\"elementor-widget-container\">\n\t\t\t\t\t\t\t<p>Arequipa<\/p>\n<p>Per\u00fa<\/p>\t\t\t\t\t\t<\/div>\n\t\t\t\t<\/div>\n\t\t\t\t<\/div>\n\t\t<div class=\"elementor-element elementor-element-ae24476 e-flex e-con-boxed e-con e-parent\" data-id=\"ae24476\" data-element_type=\"container\">\n\t\t\t\t\t<div class=\"e-con-inner\">\n\t\t\t\t<div class=\"elementor-element elementor-element-3d7f6f1 elementor-widget elementor-widget-image\" data-id=\"3d7f6f1\" data-element_type=\"widget\" data-widget_type=\"image.default\">\n\t\t\t\t<div class=\"elementor-widget-container\">\n\t\t\t\t\t\t\t\t\t\t\t\t\t<img decoding=\"async\" width=\"948\" height=\"693\" src=\"https:\/\/transportesmoscoso.com\/wp-content\/uploads\/2024\/07\/camion_nuevo-1.jpg\" class=\"attachment-large size-large wp-image-15\" alt=\"\" srcset=\"https:\/\/transportesmoscoso.com\/wp-content\/uploads\/2024\/07\/camion_nuevo-1.jpg 948w, https:\/\/transportesmoscoso.com\/wp-content\/uploads\/2024\/07\/camion_nuevo-1-300x219.jpg 300w, https:\/\/transportesmoscoso.com\/wp-content\/uploads\/2024\/07\/camion_nuevo-1-768x561.jpg 768w\" sizes=\"(max-width: 948px) 100vw, 948px\" \/>\t\t\t\t\t\t\t\t\t\t\t\t\t<\/div>\n\t\t\t\t<\/div>\n\t\t\t\t\t<\/div>\n\t\t\t\t<\/div>\n\t\t<div class=\"elementor-element elementor-element-bfaebea e-flex e-con-boxed e-con e-parent\" data-id=\"bfaebea\" data-element_type=\"container\">\n\t\t\t\t\t<div class=\"e-con-inner\">\n\t\t\t\t\t<\/div>\n\t\t\t\t<\/div>\n\t\t\t\t<\/div>\n\t\t","protected":false},"excerpt":{"rendered":"<p>Somos una empresa peruana de origen familiar de larga experiencia en el transporte Nacional e Internacional de carga por carretera. Nuestro objetivo es brindarle un servicio de calidad personalizado, brind\u00e1ndole la tranquilidad de saber que su mercader\u00eda viaja en veh\u00edculos debidamente equipados y con personal capacitado. As\u00ed como, conservaci\u00f3n en la calidad de sus productos [&hellip;]<\/p>\n","protected":false},"author":1,"featured_media":0,"parent":0,"menu_order":0,"comment_status":"closed","ping_status":"open","template":"","meta":{"footnotes":""},"class_list":["post-2","page","type-page","status-publish","hentry"],"yoast_head":"<!-- This site is optimized with the Yoast SEO plugin v23.0 - https:\/\/yoast.com\/wordpress\/plugins\/seo\/ -->\n<title>Transporte Internacional de Carga Terrestre\u00a0 - Transportes moscoso<\/title>\n<meta name=\"description\" content=\"Transporte Internacional de Carga Terrestre en Peru y Sudamerica\" \/>\n<meta name=\"robots\" content=\"index, follow, max-snippet:-1, max-image-preview:large, max-video-preview:-1\" \/>\n<link rel=\"canonical\" href=\"https:\/\/transportesmoscoso.com\/\" \/>\n<meta property=\"og:locale\" content=\"es_ES\" \/>\n<meta property=\"og:type\" content=\"article\" \/>\n<meta property=\"og:title\" content=\"Transporte Internacional de Carga Terrestre\u00a0 - Transportes moscoso\" \/>\n<meta property=\"og:description\" content=\"Transporte Internacional de Carga Terrestre en Peru y Sudamerica\" \/>\n<meta property=\"og:url\" content=\"https:\/\/transportesmoscoso.com\/\" \/>\n<meta property=\"og:site_name\" content=\"Transportes moscoso\" \/>\n<meta property=\"article:modified_time\" content=\"2024-07-23T17:57:08+00:00\" \/>\n<meta property=\"og:image\" content=\"https:\/\/transportesmoscoso.com\/wp-content\/uploads\/2024\/07\/DSC00252.jpg\" \/>\n<meta name=\"twitter:card\" content=\"summary_large_image\" \/>\n<meta name=\"twitter:label1\" content=\"Tiempo de lectura\" \/>\n\t<meta name=\"twitter:data1\" content=\"2 minutos\" \/>\n<script type=\"application\/ld+json\" class=\"yoast-schema-graph\">{\"@context\":\"https:\/\/schema.org\",\"@graph\":[{\"@type\":\"WebPage\",\"@id\":\"https:\/\/transportesmoscoso.com\/\",\"url\":\"https:\/\/transportesmoscoso.com\/\",\"name\":\"Transporte Internacional de Carga Terrestre\u00a0 - Transportes moscoso\",\"isPartOf\":{\"@id\":\"https:\/\/transportesmoscoso.com\/#website\"},\"primaryImageOfPage\":{\"@id\":\"https:\/\/transportesmoscoso.com\/#primaryimage\"},\"image\":{\"@id\":\"https:\/\/transportesmoscoso.com\/#primaryimage\"},\"thumbnailUrl\":\"https:\/\/transportesmoscoso.com\/wp-content\/uploads\/2024\/07\/DSC00252.jpg\",\"datePublished\":\"2024-07-11T23:19:45+00:00\",\"dateModified\":\"2024-07-23T17:57:08+00:00\",\"description\":\"Transporte Internacional de Carga Terrestre en Peru y Sudamerica\",\"breadcrumb\":{\"@id\":\"https:\/\/transportesmoscoso.com\/#breadcrumb\"},\"inLanguage\":\"es\",\"potentialAction\":[{\"@type\":\"ReadAction\",\"target\":[\"https:\/\/transportesmoscoso.com\/\"]}]},{\"@type\":\"ImageObject\",\"inLanguage\":\"es\",\"@id\":\"https:\/\/transportesmoscoso.com\/#primaryimage\",\"url\":\"https:\/\/transportesmoscoso.com\/wp-content\/uploads\/2024\/07\/DSC00252.jpg\",\"contentUrl\":\"https:\/\/transportesmoscoso.com\/wp-content\/uploads\/2024\/07\/DSC00252.jpg\",\"width\":640,\"height\":480},{\"@type\":\"BreadcrumbList\",\"@id\":\"https:\/\/transportesmoscoso.com\/#breadcrumb\",\"itemListElement\":[{\"@type\":\"ListItem\",\"position\":1,\"name\":\"Portada\",\"item\":\"https:\/\/transportesmoscoso.com\/\"},{\"@type\":\"ListItem\",\"position\":2,\"name\":\"Transporte Internacional de Carga Terrestre\u00a0\"}]},{\"@type\":\"WebSite\",\"@id\":\"https:\/\/transportesmoscoso.com\/#website\",\"url\":\"https:\/\/transportesmoscoso.com\/\",\"name\":\"Transportes moscoso\",\"description\":\"Transportes de carga en el sur del Per\u00fa y sudamerica\",\"potentialAction\":[{\"@type\":\"SearchAction\",\"target\":{\"@type\":\"EntryPoint\",\"urlTemplate\":\"https:\/\/transportesmoscoso.com\/?s={search_term_string}\"},\"query-input\":\"required name=search_term_string\"}],\"inLanguage\":\"es\"}]}<\/script>\n<!-- \/ Yoast SEO plugin. -->","yoast_head_json":{"title":"Transporte Internacional de Carga Terrestre\u00a0 - Transportes moscoso","description":"Transporte Internacional de Carga Terrestre en Peru y Sudamerica","robots":{"index":"index","follow":"follow","max-snippet":"max-snippet:-1","max-image-preview":"max-image-preview:large","max-video-preview":"max-video-preview:-1"},"canonical":"https:\/\/transportesmoscoso.com\/","og_locale":"es_ES","og_type":"article","og_title":"Transporte Internacional de Carga Terrestre\u00a0 - Transportes moscoso","og_description":"Transporte Internacional de Carga Terrestre en Peru y Sudamerica","og_url":"https:\/\/transportesmoscoso.com\/","og_site_name":"Transportes moscoso","article_modified_time":"2024-07-23T17:57:08+00:00","og_image":[{"url":"https:\/\/transportesmoscoso.com\/wp-content\/uploads\/2024\/07\/DSC00252.jpg"}],"twitter_card":"summary_large_image","twitter_misc":{"Tiempo de lectura":"2 minutos"},"schema":{"@context":"https:\/\/schema.org","@graph":[{"@type":"WebPage","@id":"https:\/\/transportesmoscoso.com\/","url":"https:\/\/transportesmoscoso.com\/","name":"Transporte Internacional de Carga Terrestre\u00a0 - Transportes moscoso","isPartOf":{"@id":"https:\/\/transportesmoscoso.com\/#website"},"primaryImageOfPage":{"@id":"https:\/\/transportesmoscoso.com\/#primaryimage"},"image":{"@id":"https:\/\/transportesmoscoso.com\/#primaryimage"},"thumbnailUrl":"https:\/\/transportesmoscoso.com\/wp-content\/uploads\/2024\/07\/DSC00252.jpg","datePublished":"2024-07-11T23:19:45+00:00","dateModified":"2024-07-23T17:57:08+00:00","description":"Transporte Internacional de Carga Terrestre en Peru y Sudamerica","breadcrumb":{"@id":"https:\/\/transportesmoscoso.com\/#breadcrumb"},"inLanguage":"es","potentialAction":[{"@type":"ReadAction","target":["https:\/\/transportesmoscoso.com\/"]}]},{"@type":"ImageObject","inLanguage":"es","@id":"https:\/\/transportesmoscoso.com\/#primaryimage","url":"https:\/\/transportesmoscoso.com\/wp-content\/uploads\/2024\/07\/DSC00252.jpg","contentUrl":"https:\/\/transportesmoscoso.com\/wp-content\/uploads\/2024\/07\/DSC00252.jpg","width":640,"height":480},{"@type":"BreadcrumbList","@id":"https:\/\/transportesmoscoso.com\/#breadcrumb","itemListElement":[{"@type":"ListItem","position":1,"name":"Portada","item":"https:\/\/transportesmoscoso.com\/"},{"@type":"ListItem","position":2,"name":"Transporte Internacional de Carga Terrestre\u00a0"}]},{"@type":"WebSite","@id":"https:\/\/transportesmoscoso.com\/#website","url":"https:\/\/transportesmoscoso.com\/","name":"Transportes moscoso","description":"Transportes de carga en el sur del Per\u00fa y sudamerica","potentialAction":[{"@type":"SearchAction","target":{"@type":"EntryPoint","urlTemplate":"https:\/\/transportesmoscoso.com\/?s={search_term_string}"},"query-input":"required name=search_term_string"}],"inLanguage":"es"}]}},"_links":{"self":[{"href":"https:\/\/transportesmoscoso.com\/index.php\/wp-json\/wp\/v2\/pages\/2","targetHints":{"allow":["GET"]}}],"collection":[{"href":"https:\/\/transportesmoscoso.com\/index.php\/wp-json\/wp\/v2\/pages"}],"about":[{"href":"https:\/\/transportesmoscoso.com\/index.php\/wp-json\/wp\/v2\/types\/page"}],"author":[{"embeddable":true,"href":"https:\/\/transportesmoscoso.com\/index.php\/wp-json\/wp\/v2\/users\/1"}],"replies":[{"embeddable":true,"href":"https:\/\/transportesmoscoso.com\/index.php\/wp-json\/wp\/v2\/comments?post=2"}],"version-history":[{"count":7,"href":"https:\/\/transportesmoscoso.com\/index.php\/wp-json\/wp\/v2\/pages\/2\/revisions"}],"predecessor-version":[{"id":32,"href":"https:\/\/transportesmoscoso.com\/index.php\/wp-json\/wp\/v2\/pages\/2\/revisions\/32"}],"wp:attachment":[{"href":"https:\/\/transportesmoscoso.com\/index.php\/wp-json\/wp\/v2\/media?parent=2"}],"curies":[{"name":"wp","href":"https:\/\/api.w.org\/{rel}","templated":true}]}}